{"id":2,"date":"2023-06-01T13:22:43","date_gmt":"2023-06-01T13:22:43","guid":{"rendered":"https:\/\/benderink.com\/?page_id=2"},"modified":"2026-01-02T11:41:19","modified_gmt":"2026-01-02T09:41:19","slug":"home","status":"publish","type":"page","link":"https:\/\/benderink.com\/en\/","title":{"rendered":"Etusivu"},"content":{"rendered":"<div data-elementor-type=\"wp-page\" data-elementor-id=\"2\" class=\"elementor elementor-2\" data-elementor-post-type=\"page\">\n\t\t\t\t<div class=\"elementor-element elementor-element-af9c6e8 e-flex e-con-boxed e-con e-parent\" data-id=\"af9c6e8\" data-element_type=\"container\" data-e-type=\"container\" data-settings=\"{&quot;background_background&quot;:&quot;classic&quot;}\">\n\t\t\t\t\t<div class=\"e-con-inner\">\n\t\t\t\t<div class=\"elementor-element elementor-element-965735b elementor-widget elementor-widget-heading\" data-id=\"965735b\" data-element_type=\"widget\" data-e-type=\"widget\" data-widget_type=\"heading.default\">\n\t\t\t\t<div class=\"elementor-widget-container\">\n\t\t\t\t\t<h1 class=\"elementor-heading-title elementor-size-default\">Vaihtoehtoiset printti-t-paidat<\/h1>\t\t\t\t<\/div>\n\t\t\t\t<\/div>\n\t\t\t\t<div class=\"elementor-element elementor-element-87ede39 elementor-widget elementor-widget-text-editor\" data-id=\"87ede39\" data-element_type=\"widget\" data-e-type=\"widget\" data-widget_type=\"text-editor.default\">\n\t\t\t\t<div class=\"elementor-widget-container\">\n\t\t\t\t\t\t\t\t\t<p>Kun tavanomainen ei riit\u00e4.<\/p>\t\t\t\t\t\t\t\t<\/div>\n\t\t\t\t<\/div>\n\t\t\t\t<div class=\"elementor-element elementor-element-9866532 elementor-widget elementor-widget-button\" data-id=\"9866532\" data-element_type=\"widget\" data-e-type=\"widget\" data-widget_type=\"button.default\">\n\t\t\t\t<div class=\"elementor-widget-container\">\n\t\t\t\t\t\t\t\t\t<div class=\"elementor-button-wrapper\">\n\t\t\t\t\t<a class=\"elementor-button elementor-button-link elementor-size-md\" href=\"https:\/\/benderink.com\/en\/shop\/\">\n\t\t\t\t\t\t<span class=\"elementor-button-content-wrapper\">\n\t\t\t\t\t\t\t\t\t<span class=\"elementor-button-text\">Kauppaan<\/span>\n\t\t\t\t\t<\/span>\n\t\t\t\t\t<\/a>\n\t\t\t\t<\/div>\n\t\t\t\t\t\t\t\t<\/div>\n\t\t\t\t<\/div>\n\t\t\t\t\t<\/div>\n\t\t\t\t<\/div>\n\t\t<div class=\"elementor-element elementor-element-f10165a e-flex e-con-boxed e-con e-parent\" data-id=\"f10165a\" data-element_type=\"container\" data-e-type=\"container\" data-settings=\"{&quot;background_background&quot;:&quot;classic&quot;}\">\n\t\t\t\t\t<div class=\"e-con-inner\">\n\t\t\t\t<div class=\"elementor-element elementor-element-792e479 elementor-widget elementor-widget-heading\" data-id=\"792e479\" data-element_type=\"widget\" data-e-type=\"widget\" data-widget_type=\"heading.default\">\n\t\t\t\t<div class=\"elementor-widget-container\">\n\t\t\t\t\t<h2 class=\"elementor-heading-title elementor-size-default\">Bestsellers<\/h2>\t\t\t\t<\/div>\n\t\t\t\t<\/div>\n\t\t\t\t\t<\/div>\n\t\t\t\t<\/div>\n\t\t<div class=\"elementor-element elementor-element-38701ca e-flex e-con-boxed e-con e-parent\" data-id=\"38701ca\" data-element_type=\"container\" data-e-type=\"container\" data-settings=\"{&quot;background_background&quot;:&quot;classic&quot;}\">\n\t\t\t\t\t<div class=\"e-con-inner\">\n\t\t\t\t<div class=\"elementor-element elementor-element-f9c7c24 elementor-widget elementor-widget-heading\" data-id=\"f9c7c24\" data-element_type=\"widget\" data-e-type=\"widget\" data-widget_type=\"heading.default\">\n\t\t\t\t<div class=\"elementor-widget-container\">\n\t\t\t\t\t<h2 class=\"elementor-heading-title elementor-size-default\">Uusimmat t-paidat<\/h2>\t\t\t\t<\/div>\n\t\t\t\t<\/div>\n\t\t\t\t<div class=\"elementor-element elementor-element-5a763fd elementor-grid-3 elementor-grid-tablet-3 elementor-grid-mobile-2 elementor-products-grid elementor-wc-products elementor-widget elementor-widget-woocommerce-products\" data-id=\"5a763fd\" data-element_type=\"widget\" data-e-type=\"widget\" data-widget_type=\"woocommerce-products.default\">\n\t\t\t\t<div class=\"elementor-widget-container\">\n\t\t\t\t\t<div class=\"woocommerce columns-3\"><span class=\"wpfHidden\" data-shortcode-attribute=\"{&quot;limit&quot;:&quot;-1&quot;,&quot;columns&quot;:3,&quot;rows&quot;:2,&quot;orderby&quot;:&quot;&quot;,&quot;order&quot;:&quot;&quot;,&quot;ids&quot;:&quot;&quot;,&quot;skus&quot;:&quot;&quot;,&quot;category&quot;:&quot;&quot;,&quot;cat_operator&quot;:&quot;IN&quot;,&quot;attribute&quot;:&quot;&quot;,&quot;terms&quot;:&quot;&quot;,&quot;terms_operator&quot;:&quot;IN&quot;,&quot;tag&quot;:&quot;&quot;,&quot;tag_operator&quot;:&quot;IN&quot;,&quot;visibility&quot;:&quot;visible&quot;,&quot;class&quot;:&quot;&quot;,&quot;page&quot;:1,&quot;paginate&quot;:&quot;&quot;,&quot;cache&quot;:false}\"><\/span><ul class=\"products elementor-grid columns-3\">\n<li class=\"product type-product post-12189 status-publish first instock product_cat-funny-t-shirts product_cat-organic-t-shirts product_cat-slogan-t-shirts has-post-thumbnail taxable shipping-taxable purchasable product-type-variable\">\n\t<a href=\"https:\/\/benderink.com\/en\/product\/smart-rabbit\/\" class=\"woocommerce-LoopProduct-link woocommerce-loop-product__link\"><img fetchpriority=\"high\" decoding=\"async\" width=\"300\" height=\"300\" src=\"https:\/\/benderink.com\/wp-content\/uploads\/2024\/10\/unisex-organic-cotton-t-shirt-stargazer-front-670bfd5354950.jpg\" class=\"attachment-woocommerce_thumbnail size-woocommerce_thumbnail\" alt=\"Smart rabbit\" srcset=\"https:\/\/benderink.com\/wp-content\/uploads\/2024\/10\/unisex-organic-cotton-t-shirt-stargazer-front-670bfd5354950.jpg 2000w, https:\/\/benderink.com\/wp-content\/uploads\/2024\/10\/unisex-organic-cotton-t-shirt-stargazer-front-670bfd5354950-768x768.jpg 768w, https:\/\/benderink.com\/wp-content\/uploads\/2024\/10\/unisex-organic-cotton-t-shirt-stargazer-front-670bfd5354950-1536x1536.jpg 1536w\" sizes=\"(max-width: 300px) 100vw, 300px\" \/><h2 class=\"woocommerce-loop-product__title\">Smart rabbit<\/h2>\n\t<span class=\"price\"><span class=\"woocommerce-Price-amount amount\"><bdi>31.00&nbsp;<span class=\"woocommerce-Price-currencySymbol\">&euro;<\/span><\/bdi><\/span><\/span>\n<\/a><a href=\"https:\/\/benderink.com\/en\/product\/smart-rabbit\/\" aria-describedby=\"woocommerce_loop_add_to_cart_link_describedby_12189\" data-quantity=\"1\" class=\"button product_type_variable add_to_cart_button\" data-product_id=\"12189\" data-product_sku=\"\" aria-label=\"Select options for \u201cSmart rabbit\u201d\" rel=\"nofollow\" data-no-translation=\"\" data-trp-gettext=\"\" data-no-translation-aria-label=\"\">Select options<\/a>\t<span id=\"woocommerce_loop_add_to_cart_link_describedby_12189\" class=\"screen-reader-text\">\n\t\tThis product has multiple variants. The options may be chosen on the product page\t<\/span>\n<\/li>\n<li class=\"product type-product post-12145 status-publish instock product_cat-funny-t-shirts product_cat-organic-t-shirts product_cat-slogan-t-shirts has-post-thumbnail taxable shipping-taxable purchasable product-type-variable\">\n\t<a href=\"https:\/\/benderink.com\/en\/product\/king-of-the-jungle\/\" class=\"woocommerce-LoopProduct-link woocommerce-loop-product__link\"><img decoding=\"async\" width=\"300\" height=\"300\" src=\"https:\/\/benderink.com\/wp-content\/uploads\/2024\/08\/unisex-organic-cotton-t-shirt-desert-dust-front-66cc0e82dfaf2.jpg\" class=\"attachment-woocommerce_thumbnail size-woocommerce_thumbnail\" alt=\"King of the Jungle\" srcset=\"https:\/\/benderink.com\/wp-content\/uploads\/2024\/08\/unisex-organic-cotton-t-shirt-desert-dust-front-66cc0e82dfaf2.jpg 2000w, https:\/\/benderink.com\/wp-content\/uploads\/2024\/08\/unisex-organic-cotton-t-shirt-desert-dust-front-66cc0e82dfaf2-768x768.jpg 768w, https:\/\/benderink.com\/wp-content\/uploads\/2024\/08\/unisex-organic-cotton-t-shirt-desert-dust-front-66cc0e82dfaf2-1536x1536.jpg 1536w\" sizes=\"(max-width: 300px) 100vw, 300px\" \/><h2 class=\"woocommerce-loop-product__title\">King of the Jungle<\/h2>\n\t<span class=\"price\"><span class=\"woocommerce-Price-amount amount\"><bdi>29.00&nbsp;<span class=\"woocommerce-Price-currencySymbol\">&euro;<\/span><\/bdi><\/span><\/span>\n<\/a><a href=\"https:\/\/benderink.com\/en\/product\/king-of-the-jungle\/\" aria-describedby=\"woocommerce_loop_add_to_cart_link_describedby_12145\" data-quantity=\"1\" class=\"button product_type_variable add_to_cart_button\" data-product_id=\"12145\" data-product_sku=\"\" aria-label=\"Select options for \u201cKing of the Jungle\u201d\" rel=\"nofollow\" data-no-translation=\"\" data-trp-gettext=\"\" data-no-translation-aria-label=\"\">Select options<\/a>\t<span id=\"woocommerce_loop_add_to_cart_link_describedby_12145\" class=\"screen-reader-text\">\n\t\tThis product has multiple variants. The options may be chosen on the product page\t<\/span>\n<\/li>\n<li class=\"product type-product post-12048 status-publish last instock product_cat-organic-t-shirts has-post-thumbnail taxable shipping-taxable purchasable product-type-variable\">\n\t<a href=\"https:\/\/benderink.com\/en\/product\/palmtrees\/\" class=\"woocommerce-LoopProduct-link woocommerce-loop-product__link\"><img decoding=\"async\" width=\"300\" height=\"300\" src=\"https:\/\/benderink.com\/wp-content\/uploads\/2024\/08\/unisex-organic-cotton-t-shirt-heather-grey-front-66b4f0456593b.jpg\" class=\"attachment-woocommerce_thumbnail size-woocommerce_thumbnail\" alt=\"Palmtrees\" srcset=\"https:\/\/benderink.com\/wp-content\/uploads\/2024\/08\/unisex-organic-cotton-t-shirt-heather-grey-front-66b4f0456593b.jpg 2000w, https:\/\/benderink.com\/wp-content\/uploads\/2024\/08\/unisex-organic-cotton-t-shirt-heather-grey-front-66b4f0456593b-768x768.jpg 768w, https:\/\/benderink.com\/wp-content\/uploads\/2024\/08\/unisex-organic-cotton-t-shirt-heather-grey-front-66b4f0456593b-1536x1536.jpg 1536w\" sizes=\"(max-width: 300px) 100vw, 300px\" \/><h2 class=\"woocommerce-loop-product__title\">Palmtrees<\/h2>\n\t<span class=\"price\"><span class=\"woocommerce-Price-amount amount\"><bdi>31.00&nbsp;<span class=\"woocommerce-Price-currencySymbol\">&euro;<\/span><\/bdi><\/span><\/span>\n<\/a><a href=\"https:\/\/benderink.com\/en\/product\/palmtrees\/\" aria-describedby=\"woocommerce_loop_add_to_cart_link_describedby_12048\" data-quantity=\"1\" class=\"button product_type_variable add_to_cart_button\" data-product_id=\"12048\" data-product_sku=\"\" aria-label=\"Select options for \u201cPalmtrees\u201d\" rel=\"nofollow\" data-no-translation=\"\" data-trp-gettext=\"\" data-no-translation-aria-label=\"\">Select options<\/a>\t<span id=\"woocommerce_loop_add_to_cart_link_describedby_12048\" class=\"screen-reader-text\">\n\t\tThis product has multiple variants. The options may be chosen on the product page\t<\/span>\n<\/li>\n<li class=\"product type-product post-11961 status-publish first instock product_cat-inspirational-t-shirts product_cat-slogan-t-shirts has-post-thumbnail taxable shipping-taxable purchasable product-type-variable\">\n\t<a href=\"https:\/\/benderink.com\/en\/product\/have-a-good-day\/\" class=\"woocommerce-LoopProduct-link woocommerce-loop-product__link\"><img loading=\"lazy\" decoding=\"async\" width=\"300\" height=\"300\" src=\"https:\/\/benderink.com\/wp-content\/uploads\/2024\/08\/unisex-organic-cotton-t-shirt-anthracite-front-66b3d718a5734.jpg\" class=\"attachment-woocommerce_thumbnail size-woocommerce_thumbnail\" alt=\"Have a good day\" srcset=\"https:\/\/benderink.com\/wp-content\/uploads\/2024\/08\/unisex-organic-cotton-t-shirt-anthracite-front-66b3d718a5734.jpg 2000w, https:\/\/benderink.com\/wp-content\/uploads\/2024\/08\/unisex-organic-cotton-t-shirt-anthracite-front-66b3d718a5734-768x768.jpg 768w, https:\/\/benderink.com\/wp-content\/uploads\/2024\/08\/unisex-organic-cotton-t-shirt-anthracite-front-66b3d718a5734-1536x1536.jpg 1536w\" sizes=\"(max-width: 300px) 100vw, 300px\" \/><h2 class=\"woocommerce-loop-product__title\">Have a good day<\/h2>\n\t<span class=\"price\"><span class=\"woocommerce-Price-amount amount\"><bdi>29.00&nbsp;<span class=\"woocommerce-Price-currencySymbol\">&euro;<\/span><\/bdi><\/span><\/span>\n<\/a><a href=\"https:\/\/benderink.com\/en\/product\/have-a-good-day\/\" aria-describedby=\"woocommerce_loop_add_to_cart_link_describedby_11961\" data-quantity=\"1\" class=\"button product_type_variable add_to_cart_button\" data-product_id=\"11961\" data-product_sku=\"\" aria-label=\"Select options for \u201cHave a good day\u201d\" rel=\"nofollow\" data-no-translation=\"\" data-trp-gettext=\"\" data-no-translation-aria-label=\"\">Select options<\/a>\t<span id=\"woocommerce_loop_add_to_cart_link_describedby_11961\" class=\"screen-reader-text\">\n\t\tThis product has multiple variants. The options may be chosen on the product page\t<\/span>\n<\/li>\n<li class=\"product type-product post-11869 status-publish instock product_cat-drug-t-shirts product_cat-organic-t-shirts has-post-thumbnail taxable shipping-taxable purchasable product-type-variable\">\n\t<a href=\"https:\/\/benderink.com\/en\/product\/amanita-t-shirt-organic-unisex\/\" class=\"woocommerce-LoopProduct-link woocommerce-loop-product__link\"><img loading=\"lazy\" decoding=\"async\" width=\"300\" height=\"300\" src=\"https:\/\/benderink.com\/wp-content\/uploads\/2024\/07\/unisex-organic-cotton-t-shirt-dark-heather-grey-front-66865bb4d7aee.jpg\" class=\"attachment-woocommerce_thumbnail size-woocommerce_thumbnail\" alt=\"Amanita t-shirt organic, unisex\" srcset=\"https:\/\/benderink.com\/wp-content\/uploads\/2024\/07\/unisex-organic-cotton-t-shirt-dark-heather-grey-front-66865bb4d7aee.jpg 2000w, https:\/\/benderink.com\/wp-content\/uploads\/2024\/07\/unisex-organic-cotton-t-shirt-dark-heather-grey-front-66865bb4d7aee-768x768.jpg 768w, https:\/\/benderink.com\/wp-content\/uploads\/2024\/07\/unisex-organic-cotton-t-shirt-dark-heather-grey-front-66865bb4d7aee-1536x1536.jpg 1536w\" sizes=\"(max-width: 300px) 100vw, 300px\" \/><h2 class=\"woocommerce-loop-product__title\">Amanita t-shirt organic, unisex<\/h2>\n\t<span class=\"price\"><span class=\"woocommerce-Price-amount amount\"><bdi>27.50&nbsp;<span class=\"woocommerce-Price-currencySymbol\">&euro;<\/span><\/bdi><\/span><\/span>\n<\/a><a href=\"https:\/\/benderink.com\/en\/product\/amanita-t-shirt-organic-unisex\/\" aria-describedby=\"woocommerce_loop_add_to_cart_link_describedby_11869\" data-quantity=\"1\" class=\"button product_type_variable add_to_cart_button\" data-product_id=\"11869\" data-product_sku=\"\" aria-label=\"Select options for \u201cAmanita t-shirt organic, unisex\u201d\" rel=\"nofollow\" data-no-translation=\"\" data-trp-gettext=\"\" data-no-translation-aria-label=\"\">Select options<\/a>\t<span id=\"woocommerce_loop_add_to_cart_link_describedby_11869\" class=\"screen-reader-text\">\n\t\tThis product has multiple variants. The options may be chosen on the product page\t<\/span>\n<\/li>\n<li class=\"product type-product post-11804 status-publish last instock product_cat-organic-t-shirts has-post-thumbnail taxable shipping-taxable purchasable product-type-variable\">\n\t<a href=\"https:\/\/benderink.com\/en\/product\/pineapple-summer\/\" class=\"woocommerce-LoopProduct-link woocommerce-loop-product__link\"><img loading=\"lazy\" decoding=\"async\" width=\"300\" height=\"300\" src=\"https:\/\/benderink.com\/wp-content\/uploads\/2024\/05\/unisex-organic-cotton-t-shirt-white-front-664ddeabf00ba.jpg\" class=\"attachment-woocommerce_thumbnail size-woocommerce_thumbnail\" alt=\"Pineapple Summer\" srcset=\"https:\/\/benderink.com\/wp-content\/uploads\/2024\/05\/unisex-organic-cotton-t-shirt-white-front-664ddeabf00ba.jpg 2000w, https:\/\/benderink.com\/wp-content\/uploads\/2024\/05\/unisex-organic-cotton-t-shirt-white-front-664ddeabf00ba-768x768.jpg 768w, https:\/\/benderink.com\/wp-content\/uploads\/2024\/05\/unisex-organic-cotton-t-shirt-white-front-664ddeabf00ba-1536x1536.jpg 1536w\" sizes=\"(max-width: 300px) 100vw, 300px\" \/><h2 class=\"woocommerce-loop-product__title\">Pineapple Summer<\/h2>\n\t<span class=\"price\"><span class=\"woocommerce-Price-amount amount\"><bdi>32.00&nbsp;<span class=\"woocommerce-Price-currencySymbol\">&euro;<\/span><\/bdi><\/span><\/span>\n<\/a><a href=\"https:\/\/benderink.com\/en\/product\/pineapple-summer\/\" aria-describedby=\"woocommerce_loop_add_to_cart_link_describedby_11804\" data-quantity=\"1\" class=\"button product_type_variable add_to_cart_button\" data-product_id=\"11804\" data-product_sku=\"\" aria-label=\"Select options for \u201cPineapple Summer\u201d\" rel=\"nofollow\" data-no-translation=\"\" data-trp-gettext=\"\" data-no-translation-aria-label=\"\">Select options<\/a>\t<span id=\"woocommerce_loop_add_to_cart_link_describedby_11804\" class=\"screen-reader-text\">\n\t\tThis product has multiple variants. The options may be chosen on the product page\t<\/span>\n<\/li>\n<\/ul>\n<\/div>\t\t\t\t<\/div>\n\t\t\t\t<\/div>\n\t\t\t\t\t<\/div>\n\t\t\t\t<\/div>\n\t\t<div class=\"elementor-element elementor-element-5b3ca46 e-flex e-con-boxed e-con e-parent\" data-id=\"5b3ca46\" data-element_type=\"container\" data-e-type=\"container\">\n\t\t\t\t\t<div class=\"e-con-inner\">\n\t\t\t\t<div class=\"elementor-element elementor-element-719446d elementor-widget elementor-widget-heading\" data-id=\"719446d\" data-element_type=\"widget\" data-e-type=\"widget\" data-widget_type=\"heading.default\">\n\t\t\t\t<div class=\"elementor-widget-container\">\n\t\t\t\t\t<h2 class=\"elementor-heading-title elementor-size-default\">Laatu edell\u00e4, printti per\u00e4ss\u00e4<\/h2>\t\t\t\t<\/div>\n\t\t\t\t<\/div>\n\t\t\t\t<div class=\"elementor-element elementor-element-b524d7c elementor-widget elementor-widget-text-editor\" data-id=\"b524d7c\" data-element_type=\"widget\" data-e-type=\"widget\" data-widget_type=\"text-editor.default\">\n\t\t\t\t<div class=\"elementor-widget-container\">\n\t\t\t\t\t\t\t\t\t<p>Arvokas maailmamme on t\u00e4ynn\u00e4 roskaa ja sit\u00e4 tulee lis\u00e4\u00e4 joka p\u00e4iv\u00e4. Olemme sitoutuneet tarjoamaan tuotteillemme parhaan mahdollisen laadun, jotta ne kest\u00e4v\u00e4t mahdollisimman pitk\u00e4\u00e4n. Suosimme my\u00f6s luonnonmateriaaleja.<\/p>\t\t\t\t\t\t\t\t<\/div>\n\t\t\t\t<\/div>\n\t\t\t\t\t<\/div>\n\t\t\t\t<\/div>\n\t\t\t\t<\/div>","protected":false},"excerpt":{"rendered":"<p>Vaihtoehtoiset printti-t-paidat Kun tavanomainen ei riit\u00e4. Kauppaan Bestsellers Uusimmat t-paidat Laatu edell\u00e4, printti per\u00e4ss\u00e4 Arvokas maailmamme on t\u00e4ynn\u00e4 roskaa ja sit\u00e4 tulee lis\u00e4\u00e4 joka p\u00e4iv\u00e4. Olemme sitoutuneet tarjoamaan tuotteillemme parhaan mahdollisen laadun, jotta ne kest\u00e4v\u00e4t mahdollisimman pitk\u00e4\u00e4n. Suosimme my\u00f6s luonnonmateriaaleja.<\/p>","protected":false},"author":1,"featured_media":0,"parent":0,"menu_order":0,"comment_status":"closed","ping_status":"closed","template":"","meta":{"footnotes":""},"class_list":["post-2","page","type-page","status-publish","hentry"],"yoast_head":"<!-- This site is optimized with the Yoast SEO plugin v27.4 - https:\/\/yoast.com\/product\/yoast-seo-wordpress\/ -->\n<title>Etusivu - Vaihtoehtoiset t-paidat | BenderInk.com<\/title>\n<meta name=\"robots\" content=\"index, follow, max-snippet:-1, max-image-preview:large, max-video-preview:-1\" \/>\n<link rel=\"canonical\" href=\"https:\/\/benderink.com\/en\/\" \/>\n<meta property=\"og:locale\" content=\"en_GB\" \/>\n<meta property=\"og:type\" content=\"article\" \/>\n<meta property=\"og:title\" content=\"Etusivu - Vaihtoehtoiset t-paidat | BenderInk.com\" \/>\n<meta property=\"og:description\" content=\"Vaihtoehtoiset printti-t-paidat Kun tavanomainen ei riit\u00e4. Kauppaan Bestsellers Uusimmat t-paidat Laatu edell\u00e4, printti per\u00e4ss\u00e4 Arvokas maailmamme on t\u00e4ynn\u00e4 roskaa ja sit\u00e4 tulee lis\u00e4\u00e4 joka p\u00e4iv\u00e4. Olemme sitoutuneet tarjoamaan tuotteillemme parhaan mahdollisen laadun, jotta ne kest\u00e4v\u00e4t mahdollisimman pitk\u00e4\u00e4n. Suosimme my\u00f6s luonnonmateriaaleja.\" \/>\n<meta property=\"og:url\" content=\"https:\/\/benderink.com\/en\/\" \/>\n<meta property=\"og:site_name\" content=\"Vaihtoehtoiset t-paidat | BenderInk.com\" \/>\n<meta property=\"article:modified_time\" content=\"2026-01-02T09:41:19+00:00\" \/>\n<meta name=\"twitter:card\" content=\"summary_large_image\" \/>\n<meta name=\"twitter:label1\" content=\"Estimated reading time\" \/>\n\t<meta name=\"twitter:data1\" content=\"3 minutes\" \/>\n<script type=\"application\/ld+json\" class=\"yoast-schema-graph\">{\"@context\":\"https:\\\/\\\/schema.org\",\"@graph\":[{\"@type\":\"WebPage\",\"@id\":\"https:\\\/\\\/benderink.com\\\/\",\"url\":\"https:\\\/\\\/benderink.com\\\/\",\"name\":\"Etusivu - Vaihtoehtoiset t-paidat | BenderInk.com\",\"isPartOf\":{\"@id\":\"https:\\\/\\\/benderink.com\\\/#website\"},\"datePublished\":\"2023-06-01T13:22:43+00:00\",\"dateModified\":\"2026-01-02T09:41:19+00:00\",\"breadcrumb\":{\"@id\":\"https:\\\/\\\/benderink.com\\\/#breadcrumb\"},\"inLanguage\":\"en-GB\",\"potentialAction\":[{\"@type\":\"ReadAction\",\"target\":[\"https:\\\/\\\/benderink.com\\\/\"]}]},{\"@type\":\"BreadcrumbList\",\"@id\":\"https:\\\/\\\/benderink.com\\\/#breadcrumb\",\"itemListElement\":[{\"@type\":\"ListItem\",\"position\":1,\"name\":\"Home\",\"item\":\"https:\\\/\\\/benderink.com\\\/\"},{\"@type\":\"ListItem\",\"position\":2,\"name\":\"Etusivu\"}]},{\"@type\":\"WebSite\",\"@id\":\"https:\\\/\\\/benderink.com\\\/#website\",\"url\":\"https:\\\/\\\/benderink.com\\\/\",\"name\":\"Vaihtoehtoiset t-paidat | BenderInk.com\",\"description\":\"Printtipaitojen verkkokauppa\",\"publisher\":{\"@id\":\"https:\\\/\\\/benderink.com\\\/#organization\"},\"potentialAction\":[{\"@type\":\"SearchAction\",\"target\":{\"@type\":\"EntryPoint\",\"urlTemplate\":\"https:\\\/\\\/benderink.com\\\/?s={search_term_string}\"},\"query-input\":{\"@type\":\"PropertyValueSpecification\",\"valueRequired\":true,\"valueName\":\"search_term_string\"}}],\"inLanguage\":\"en-GB\"},{\"@type\":\"Organization\",\"@id\":\"https:\\\/\\\/benderink.com\\\/#organization\",\"name\":\"Vaihtoehtoiset t-paidat | BenderInk.com\",\"url\":\"https:\\\/\\\/benderink.com\\\/\",\"logo\":{\"@type\":\"ImageObject\",\"inLanguage\":\"en-GB\",\"@id\":\"https:\\\/\\\/benderink.com\\\/#\\\/schema\\\/logo\\\/image\\\/\",\"url\":\"https:\\\/\\\/benderink.com\\\/wp-content\\\/uploads\\\/2023\\\/07\\\/logo-benderink-black-1.png\",\"contentUrl\":\"https:\\\/\\\/benderink.com\\\/wp-content\\\/uploads\\\/2023\\\/07\\\/logo-benderink-black-1.png\",\"width\":360,\"height\":82,\"caption\":\"Vaihtoehtoiset t-paidat | BenderInk.com\"},\"image\":{\"@id\":\"https:\\\/\\\/benderink.com\\\/#\\\/schema\\\/logo\\\/image\\\/\"}}]}<\/script>\n<!-- \/ Yoast SEO plugin. -->","yoast_head_json":{"title":"Etusivu - Vaihtoehtoiset t-paidat | BenderInk.com","robots":{"index":"index","follow":"follow","max-snippet":"max-snippet:-1","max-image-preview":"max-image-preview:large","max-video-preview":"max-video-preview:-1"},"canonical":"https:\/\/benderink.com\/en\/","og_locale":"en_GB","og_type":"article","og_title":"Etusivu - Vaihtoehtoiset t-paidat | BenderInk.com","og_description":"Vaihtoehtoiset printti-t-paidat Kun tavanomainen ei riit\u00e4. Kauppaan Bestsellers Uusimmat t-paidat Laatu edell\u00e4, printti per\u00e4ss\u00e4 Arvokas maailmamme on t\u00e4ynn\u00e4 roskaa ja sit\u00e4 tulee lis\u00e4\u00e4 joka p\u00e4iv\u00e4. Olemme sitoutuneet tarjoamaan tuotteillemme parhaan mahdollisen laadun, jotta ne kest\u00e4v\u00e4t mahdollisimman pitk\u00e4\u00e4n. Suosimme my\u00f6s luonnonmateriaaleja.","og_url":"https:\/\/benderink.com\/en\/","og_site_name":"Vaihtoehtoiset t-paidat | BenderInk.com","article_modified_time":"2026-01-02T09:41:19+00:00","twitter_card":"summary_large_image","twitter_misc":{"Estimated reading time":"3 minutes"},"schema":{"@context":"https:\/\/schema.org","@graph":[{"@type":"WebPage","@id":"https:\/\/benderink.com\/","url":"https:\/\/benderink.com\/","name":"Etusivu - Vaihtoehtoiset t-paidat | BenderInk.com","isPartOf":{"@id":"https:\/\/benderink.com\/#website"},"datePublished":"2023-06-01T13:22:43+00:00","dateModified":"2026-01-02T09:41:19+00:00","breadcrumb":{"@id":"https:\/\/benderink.com\/#breadcrumb"},"inLanguage":"en-GB","potentialAction":[{"@type":"ReadAction","target":["https:\/\/benderink.com\/"]}]},{"@type":"BreadcrumbList","@id":"https:\/\/benderink.com\/#breadcrumb","itemListElement":[{"@type":"ListItem","position":1,"name":"Home","item":"https:\/\/benderink.com\/"},{"@type":"ListItem","position":2,"name":"Etusivu"}]},{"@type":"WebSite","@id":"https:\/\/benderink.com\/#website","url":"https:\/\/benderink.com\/","name":"Vaihtoehtoiset t-paidat | BenderInk.com","description":"Printtipaitojen verkkokauppa","publisher":{"@id":"https:\/\/benderink.com\/#organization"},"potentialAction":[{"@type":"SearchAction","target":{"@type":"EntryPoint","urlTemplate":"https:\/\/benderink.com\/?s={search_term_string}"},"query-input":{"@type":"PropertyValueSpecification","valueRequired":true,"valueName":"search_term_string"}}],"inLanguage":"en-GB"},{"@type":"Organization","@id":"https:\/\/benderink.com\/#organization","name":"Vaihtoehtoiset t-paidat | BenderInk.com","url":"https:\/\/benderink.com\/","logo":{"@type":"ImageObject","inLanguage":"en-GB","@id":"https:\/\/benderink.com\/#\/schema\/logo\/image\/","url":"https:\/\/benderink.com\/wp-content\/uploads\/2023\/07\/logo-benderink-black-1.png","contentUrl":"https:\/\/benderink.com\/wp-content\/uploads\/2023\/07\/logo-benderink-black-1.png","width":360,"height":82,"caption":"Vaihtoehtoiset t-paidat | BenderInk.com"},"image":{"@id":"https:\/\/benderink.com\/#\/schema\/logo\/image\/"}}]}},"_links":{"self":[{"href":"https:\/\/benderink.com\/en\/wp-json\/wp\/v2\/pages\/2","targetHints":{"allow":["GET"]}}],"collection":[{"href":"https:\/\/benderink.com\/en\/wp-json\/wp\/v2\/pages"}],"about":[{"href":"https:\/\/benderink.com\/en\/wp-json\/wp\/v2\/types\/page"}],"author":[{"embeddable":true,"href":"https:\/\/benderink.com\/en\/wp-json\/wp\/v2\/users\/1"}],"replies":[{"embeddable":true,"href":"https:\/\/benderink.com\/en\/wp-json\/wp\/v2\/comments?post=2"}],"version-history":[{"count":71,"href":"https:\/\/benderink.com\/en\/wp-json\/wp\/v2\/pages\/2\/revisions"}],"predecessor-version":[{"id":12295,"href":"https:\/\/benderink.com\/en\/wp-json\/wp\/v2\/pages\/2\/revisions\/12295"}],"wp:attachment":[{"href":"https:\/\/benderink.com\/en\/wp-json\/wp\/v2\/media?parent=2"}],"curies":[{"name":"wp","href":"https:\/\/api.w.org\/{rel}","templated":true}]}}